{"id":1496,"date":"2018-02-01T01:23:15","date_gmt":"2018-02-01T00:23:15","guid":{"rendered":"https:\/\/www.ramatuelle-tourisme.com\/?page_id=1496"},"modified":"2025-09-29T11:10:55","modified_gmt":"2025-09-29T09:10:55","slug":"circuits","status":"publish","type":"page","link":"https:\/\/www.ramatuelle-tourisme.com\/fr\/partager-des-emotions\/air-de-detente\/circuits\/","title":{"rendered":"Circuits"},"content":{"rendered":"<div class=\"circuit\">\n<p>La commune de Ramatuelle compte 15 kilom\u00e8tres de c\u00f4t\u00e9 sur lesquels sont mat\u00e9rialis\u00e9s plusieurs circuits de randonn\u00e9es (balisage jaune)<\/p>\n<h3><span style=\"color: #333399;\">Circuit A<\/span><\/h3>\n<p><em><strong>Baie de Pampelonne<\/strong> &#8211; 5km &#8211; <img decoding=\"async\" src=\"https:\/\/www.ramatuelle-tourisme.com\/wp-content\/uploads\/2018\/04\/time.png\" alt=\"\" \/>\u00a01h30 &#8211; <img decoding=\"async\" src=\"https:\/\/www.ramatuelle-tourisme.com\/wp-content\/uploads\/2018\/04\/difficulte-1.png\" alt=\"\" \/><\/em><\/p>\n<p><img decoding=\"async\" src=\"https:\/\/www.ramatuelle-tourisme.com\/wp-content\/uploads\/2018\/04\/parking.png\" alt=\"\" \/> Route de Tahiti.<\/p>\n<p>Marchez le long du rivage o\u00f9 se succ\u00e8dent \u00e9tablissements priv\u00e9s et plages publiques, sur la plus grande \u00e9tendue de sable de la presqu\u2019\u00eele : la plage de Pampelonne qui fut dans la nuit du 15 ao\u00fbt 1944 le th\u00e9\u00e2tre du d\u00e9barquement des Alli\u00e9s en Provence. <strong>Une st\u00e8le<\/strong>, boulevard Patch, comm\u00e9more ces \u00e9v\u00e9nements.<\/p>\n<div class=\"ArticleContent-img\"><img decoding=\"async\" title=\"PAMPELONNE : L'ORIGINE DU MYTHE TROP\u00c9ZIEN\" src=\"https:\/\/www.ramatuelle-tourisme.com\/wp-content\/uploads\/2016\/12\/pampelonne-2_500_375.jpg\" alt=\"PAMPELONNE : L'ORIGINE DU MYTHE TROP\u00c9ZIEN\" \/><\/div>\n<\/div>\n<div class=\"circuit\">\n<h3><span style=\"color: #333399;\">Circuit B<\/span><\/h3>\n<p><em><strong>Pampelonne &#8211; Anse de Bonne Terrasse<\/strong><\/em><\/p>\n<p><em>0,5km &#8211; <img decoding=\"async\" src=\"https:\/\/www.ramatuelle-tourisme.com\/wp-content\/uploads\/2018\/04\/time.png\" alt=\"\" \/>\u00a015mn &#8211; <img decoding=\"async\" src=\"https:\/\/www.ramatuelle-tourisme.com\/wp-content\/uploads\/2018\/04\/difficulte-1.png\" alt=\"\" \/><\/em><\/p>\n<p><img decoding=\"async\" src=\"https:\/\/www.ramatuelle-tourisme.com\/wp-content\/uploads\/2018\/04\/parking.png\" alt=\"\" \/> Route de Bonne Terrasse<\/p>\n<p>A l\u2019extr\u00e9mit\u00e9 sud de Pampelonne, empruntez le sentier sur les premiers contreforts de la c\u00f4te rocheuse. Apr\u00e8s 100m, ne manquez pas <strong>le puits L<\/strong><strong>ou Pous et le sentier marin<\/strong>, avant de trouver la plage de Bonne Terrasse et ses maisons de p\u00eacheurs. Possibilit\u00e9 de faire une boucle (rejoindre la route par l\u2019acc\u00e8s pi\u00e9tonnier apr\u00e8s le restaurant \u201c Chez Camille\u201d) ou de prolonger avec le circuit C jusqu\u2019au cap Camarat.<\/p>\n<div class=\"ArticleContent-img\"><img decoding=\"async\" title=\"Anse de Bonne Terrasse\" src=\"https:\/\/www.ramatuelle-tourisme.com\/wp-content\/uploads\/2016\/11\/bonne-terrasse-2.jpg\" alt=\"Anse de Bonne Terrasse\" \/><\/div>\n<\/div>\n<div class=\"circuit\">\n<h3><span style=\"color: #333399;\">Circuit C<\/span><\/h3>\n<p><strong><em>Bonne Terrasse &#8211; Cap Camarat <\/em><\/strong><\/p>\n<p><em>2,5km &#8211; <img decoding=\"async\" src=\"https:\/\/www.ramatuelle-tourisme.com\/wp-content\/uploads\/2018\/04\/time.png\" alt=\"\" \/> 30mn\u00a0\u00a0<\/em><\/p>\n<p><img decoding=\"async\" src=\"https:\/\/www.ramatuelle-tourisme.com\/wp-content\/uploads\/2018\/04\/parking.png\" alt=\"\" \/> idem circuit B\u00a0 <img decoding=\"async\" src=\"https:\/\/www.ramatuelle-tourisme.com\/wp-content\/uploads\/2018\/04\/parking.png\" alt=\"\" \/> 30 places le long de la route en direction du restaurant \u201cChez Camille\u201d.<\/p>\n<p>Emprunter le circuit B et poursuivre ou remonter la route jusqu\u2019\u00e0 l\u2019acc\u00e8s pi\u00e9tonnier de la plage de Bonne Terrasse. Longer le bord de mer et apr\u00e8s la barri\u00e8re :<\/p>\n<ul>\n<li><img decoding=\"async\" src=\"https:\/\/www.ramatuelle-tourisme.com\/wp-content\/uploads\/2018\/04\/difficulte-2.png\" alt=\"\" \/> &#8211; le chemin \u00e0 droite vous emm\u00e8ne tranquillement sur le phare que vous d\u00e9couvrirez apr\u00e8s 500 m\u00e8tres en remontant la route<\/li>\n<li>30 mn &#8211; <img decoding=\"async\" src=\"https:\/\/www.ramatuelle-tourisme.com\/wp-content\/uploads\/2018\/04\/difficulte-3.png\" alt=\"\" \/>&#8211; le sentier escarp\u00e9 (sur la gauche) surplombe la mer jusqu\u2019au <strong>rocher des Portes<\/strong> appel\u00e9 l\u2019\u00eele aux oiseaux. Sur ce parcours, possibilit\u00e9 de grimper jusqu&rsquo;au phare en 15mn environ par un sentier \u00e0 droite.<\/li>\n<\/ul>\n<div class=\"ArticleContent-img\"><img decoding=\"async\" src=\"https:\/\/www.ramatuelle-tourisme.com\/wp-content\/uploads\/2016\/11\/phare-de-camarat.jpg\" alt=\"\" \/><\/div>\n<\/div>\n<div class=\"circuit\">\n<h3><span style=\"color: #333399;\">Circuit D<\/span><\/h3>\n<p><em><strong>Cap Camarat &#8211; Plage de l\u2019Escalet<\/strong> <\/em><\/p>\n<p><em>4,5km &#8211; <img decoding=\"async\" src=\"https:\/\/www.ramatuelle-tourisme.com\/wp-content\/uploads\/2018\/04\/time.png\" alt=\"\" \/> 3h &#8211; <img decoding=\"async\" src=\"https:\/\/www.ramatuelle-tourisme.com\/wp-content\/uploads\/2018\/04\/difficulte-2.png\" alt=\"\" \/>\u00a0<\/em><\/p>\n<p><img decoding=\"async\" src=\"https:\/\/www.ramatuelle-tourisme.com\/wp-content\/uploads\/2018\/04\/parking.png\" alt=\"\" \/> au pied du phare de Camarat<\/p>\n<p>L\u2019itin\u00e9raire commence par une succession de descentes et de mont\u00e9es \u00e0 flanc de rochers puis revient au niveau de la mer jusqu\u2019\u00e0 la plage de l\u2019Escalet et de son petit port priv\u00e9. A d\u00e9couvrir : la <strong>batterie napol\u00e9onienne<\/strong> situ\u00e9e sur un aplomb et la <strong>roche Escudelier<\/strong> qui comm\u00e9more les missions des sous-marins et l\u2019\u00e9vasion de l\u2019\u00e9tendard du 2\u00e8me r\u00e9giment de Dragons pendant la Seconde Guerre Mondiale. Vous passerez \u00e9galement pr\u00e8s du<strong>\u00a0village du Merlier<\/strong> compos\u00e9 de 35 maisons alliant tradition et modernit\u00e9 construites par l\u2019atelier d\u2019architecture de Montrouge dans les ann\u00e9es 1960 et du<strong> ch\u00e2teau Volterra<\/strong>, mais attention : ces deux sites,<strong> priv\u00e9s<\/strong>, ne se visitent pas.<\/p>\n<div class=\"ArticleContent-img\"><img decoding=\"async\" src=\"https:\/\/www.ramatuelle-tourisme.com\/wp-content\/uploads\/2016\/11\/roche-escudelier-anne.jpg\" alt=\"\" \/><\/div>\n<\/div>\n<div class=\"circuit\">\n<h3><span style=\"color: #333399;\">Circuit E<\/span><\/h3>\n<p><em><strong>Plage de l\u2019Escalet &#8211; Isthme du Cap Taillat<\/strong> <\/em><\/p>\n<p><em>2km &#8211; <img decoding=\"async\" src=\"https:\/\/www.ramatuelle-tourisme.com\/wp-content\/uploads\/2018\/04\/time.png\" alt=\"\" \/> 35mn. <\/em><\/p>\n<p><em><strong>Recommand\u00e9 avec des enfants<\/strong>.<\/em><\/p>\n<p>Deux balisages : jaune (<img decoding=\"async\" src=\"https:\/\/www.ramatuelle-tourisme.com\/wp-content\/uploads\/2018\/04\/difficulte-1.png\" alt=\"\" \/>) et bleu (<img decoding=\"async\" src=\"https:\/\/www.ramatuelle-tourisme.com\/wp-content\/uploads\/2018\/04\/difficulte-2.png\" alt=\"\" \/>)<\/p>\n<p><strong>Bon \u00e0 savoir :<\/strong> passage sur une portion o\u00f9 le naturisme est tol\u00e9r\u00e9.<\/p>\n<p><img decoding=\"async\" src=\"https:\/\/www.ramatuelle-tourisme.com\/wp-content\/uploads\/2018\/04\/parking.png\" alt=\"\" \/> \u00e0 c\u00f4t\u00e9 des couts de tennis. Descendre vers la plage, prendre le sentier sur la droite et les marches (apr\u00e8s la villa).<br \/>\n<img decoding=\"async\" src=\"https:\/\/www.ramatuelle-tourisme.com\/wp-content\/uploads\/2018\/04\/parking.png\" alt=\"\" \/> monter le Boulevard de la Praya puis \u00e0 gauche. Acc\u00e8s direct au sentier.<\/p>\n<p>Incontestablement la plus belle partie du sentier du littoral avec en toile de fond l\u2019isthme de Taillat auquel on acc\u00e8de apr\u00e8s avoir d\u00e9couvert une succession de criques . Du sommet du <strong>cap Taillat<\/strong> (site remarquable prot\u00e9g\u00e9 par le Conservatoire du Littoral), vous serez \u00e9merveill\u00e9 par les diff\u00e9rentes couleurs des fonds marins, qui changent de teinte au gr\u00e9 des vents. Au-dessus de la <strong>maison des Douanes<\/strong>, un sentier m\u00e8ne au <strong>dolmen de la baie de la Briande, <\/strong>s\u00e9pulture datant de 2000 ans av. JC. 10mn &#8211; <img decoding=\"async\" src=\"https:\/\/www.ramatuelle-tourisme.com\/wp-content\/uploads\/2018\/04\/difficulte-1.png\" alt=\"\" \/>.<\/p>\n<p>Possibilit\u00e9 de poursuivre jusqu\u2019au cap Lardier (30 mn) et la Plage de Gigaro (1h30 &#8211; <img decoding=\"async\" src=\"https:\/\/www.ramatuelle-tourisme.com\/wp-content\/uploads\/2018\/04\/difficulte-2.png\" alt=\"\" \/>)<\/p>\n<div class=\"ArticleContent-img\"><img loading=\"lazy\" decoding=\"async\" class=\"alignnone\" title=\"Plage de l'Escalet\" src=\"https:\/\/www.ramatuelle-tourisme.com\/wp-content\/uploads\/2016\/11\/escalet-3.jpg\" alt=\"Plage de l'Escalet\" width=\"600\" height=\"400\" \/><\/div>\n<\/div>\n","protected":false},"excerpt":{"rendered":"<p>La commune de Ramatuelle compte 15 kilom\u00e8tres de c\u00f4t\u00e9 sur lesquels sont mat\u00e9rialis\u00e9s plusieurs circuits de randonn\u00e9es (balisage jaune) Circuit A Baie de Pampelonne &#8211; 5km &#8211; \u00a01h30 &#8211; Route de Tahiti. Marchez le long du rivage o\u00f9 se succ\u00e8dent \u00e9tablissements priv\u00e9s et plages publiques, sur la plus grande \u00e9tendue de sable de la presqu\u2019\u00eele<a class=\"excerpt-read-more\" href=\"https:\/\/www.ramatuelle-tourisme.com\/fr\/partager-des-emotions\/air-de-detente\/circuits\/\" title=\"ReadCircuits\">&#8230; Read more &raquo;<\/a><\/p>\n","protected":false},"author":1,"featured_media":3664,"parent":27,"menu_order":245,"comment_status":"closed","ping_status":"closed","template":"","meta":{"_acf_changed":false,"footnotes":""},"class_list":["post-1496","page","type-page","status-publish","has-post-thumbnail","hentry"],"acf":{"black__white":false,"type_daffichage":"cols-3","nugget":false,"gallery":false,"liens_ancrage":false,"autoplay":true,"delay":"4000"},"aioseo_notices":[],"_links":{"self":[{"href":"https:\/\/www.ramatuelle-tourisme.com\/fr\/wp-json\/wp\/v2\/pages\/1496","targetHints":{"allow":["GET"]}}],"collection":[{"href":"https:\/\/www.ramatuelle-tourisme.com\/fr\/wp-json\/wp\/v2\/pages"}],"about":[{"href":"https:\/\/www.ramatuelle-tourisme.com\/fr\/wp-json\/wp\/v2\/types\/page"}],"author":[{"embeddable":true,"href":"https:\/\/www.ramatuelle-tourisme.com\/fr\/wp-json\/wp\/v2\/users\/1"}],"replies":[{"embeddable":true,"href":"https:\/\/www.ramatuelle-tourisme.com\/fr\/wp-json\/wp\/v2\/comments?post=1496"}],"version-history":[{"count":42,"href":"https:\/\/www.ramatuelle-tourisme.com\/fr\/wp-json\/wp\/v2\/pages\/1496\/revisions"}],"predecessor-version":[{"id":17859,"href":"https:\/\/www.ramatuelle-tourisme.com\/fr\/wp-json\/wp\/v2\/pages\/1496\/revisions\/17859"}],"up":[{"embeddable":true,"href":"https:\/\/www.ramatuelle-tourisme.com\/fr\/wp-json\/wp\/v2\/pages\/27"}],"wp:featuredmedia":[{"embeddable":true,"href":"https:\/\/www.ramatuelle-tourisme.com\/fr\/wp-json\/wp\/v2\/media\/3664"}],"wp:attachment":[{"href":"https:\/\/www.ramatuelle-tourisme.com\/fr\/wp-json\/wp\/v2\/media?parent=1496"}],"curies":[{"name":"wp","href":"https:\/\/api.w.org\/{rel}","templated":true}]}}