{"id":146,"date":"2016-11-29T21:15:59","date_gmt":"2016-11-29T20:15:59","guid":{"rendered":"http:\/\/www.ramatuelle-tourisme.com\/?page_id=146"},"modified":"2025-09-22T17:02:48","modified_gmt":"2025-09-22T15:02:48","slug":"le-phare-de-camarat","status":"publish","type":"page","link":"https:\/\/www.ramatuelle-tourisme.com\/fr\/decouvrir-la-presquile\/cote-mer\/les-tresors-caches\/le-phare-de-camarat\/","title":{"rendered":"Le phare de Camarat"},"content":{"rendered":"<p>2\u00e8me phare de France pour la hauteur de sa source lumineuse au-dessus du niveau de la mer (130 m\u00e8tres), il doit son nom \u00e0 un domaine seigneurial du XIV \u00e8me si\u00e8cle. <strong>Apr\u00e8s des ann\u00e9es de fermeture, il se visite \u00e0 nouveau <a href=\"https:\/\/otderamatuelle.consonanceweb.fr\/api\/?categorieId=2&amp;application=Boutique&amp;entity=Produit&amp;subdomainForce=otderamatuelle&amp;EntiteIdForce=1&amp;action=categorieDetail&amp;widgetId=1&amp;panierToken=&amp;lang=fr_FR&amp;tokenClient=\" target=\"_blank\" rel=\"noopener\">sur r\u00e9servation<\/a>.<\/strong><\/p>\n<p>Class\u00e9 en 1993 au titre de site naturel, il date de 1838. L&rsquo;\u00e9lectricit\u00e9 a remplac\u00e9 le p\u00e9trole \u00e0 partir de 1946. Depuis 1977, il est automatis\u00e9 et t\u00e9l\u00e9contr\u00f4l\u00e9 \u00e0 partir du phare de l&rsquo;\u00eele de Porquerolles. Son signal lumineux d&rsquo;une port\u00e9e de 60 kms rythme les belles nuits d&rsquo;\u00e9t\u00e9 de son feu blanc \u00e0 4 \u00e9clats group\u00e9s en 15 secondes.<\/p>\n<p>Au pied de sa tour, par temps de mistral, on b\u00e9n\u00e9ficie d&rsquo;une \u00e9blouissante clart\u00e9 qui permet d&rsquo;apercevoir la mer \u00e0 l&rsquo;infini, la c\u00f4te varoise et ses caps ; \u00e0 l&rsquo;ouest, les Iles d&rsquo;Or \u00e0 l&rsquo;ouest (ou Iles d&rsquo;Hy\u00e8res)\u00a0 : Le Levant, Port-Cros, Bagaud, Porquerolles. Pour les marcheurs, sur la gauche du phare emprunter le petit sentier qui rejoint le sentier du littoral juste avant l\u2019\u00eele aux Oiseaux ou Rocher des Portes : vers l\u2019est on atteint la plage de Pampelonne en 50 minutes ; vers l\u2019ouest, l\u2019Escalet en 2h20 et le Cap Taillat en 3h.<\/p>\n<p><a href=\"https:\/\/www.ramatuelle-tourisme.com\/e-boutique\/w1-2-patrimoine\/60114-visite-du-phare-de-camarat\" target=\"_blank\" rel=\"noopener\"><strong>R\u00e9servez votre visite !\u00a0\u00a0<\/strong><\/a><\/p>\n","protected":false},"excerpt":{"rendered":"<p>2\u00e8me phare de France pour la hauteur de sa source lumineuse au-dessus du niveau de la mer (130 m\u00e8tres), il doit son nom \u00e0 un domaine seigneurial du XIV \u00e8me si\u00e8cle. Apr\u00e8s des ann\u00e9es de fermeture, il se visite \u00e0 nouveau sur r\u00e9servation. Class\u00e9 en 1993 au titre de site naturel, il date de 1838.<a class=\"excerpt-read-more\" href=\"https:\/\/www.ramatuelle-tourisme.com\/fr\/decouvrir-la-presquile\/cote-mer\/les-tresors-caches\/le-phare-de-camarat\/\" title=\"ReadLe phare de Camarat\">&#8230; Read more &raquo;<\/a><\/p>\n","protected":false},"author":1,"featured_media":10430,"parent":81,"menu_order":213,"comment_status":"closed","ping_status":"closed","template":"","meta":{"_acf_changed":false,"footnotes":""},"class_list":["post-146","page","type-page","status-publish","has-post-thumbnail","hentry"],"acf":{"black__white":false,"nugget":false,"type_daffichage":"rubis","liens_ancrage":false,"gallery":false,"autoplay":true,"delay":"4000"},"aioseo_notices":[],"_links":{"self":[{"href":"https:\/\/www.ramatuelle-tourisme.com\/fr\/wp-json\/wp\/v2\/pages\/146","targetHints":{"allow":["GET"]}}],"collection":[{"href":"https:\/\/www.ramatuelle-tourisme.com\/fr\/wp-json\/wp\/v2\/pages"}],"about":[{"href":"https:\/\/www.ramatuelle-tourisme.com\/fr\/wp-json\/wp\/v2\/types\/page"}],"author":[{"embeddable":true,"href":"https:\/\/www.ramatuelle-tourisme.com\/fr\/wp-json\/wp\/v2\/users\/1"}],"replies":[{"embeddable":true,"href":"https:\/\/www.ramatuelle-tourisme.com\/fr\/wp-json\/wp\/v2\/comments?post=146"}],"version-history":[{"count":6,"href":"https:\/\/www.ramatuelle-tourisme.com\/fr\/wp-json\/wp\/v2\/pages\/146\/revisions"}],"predecessor-version":[{"id":17764,"href":"https:\/\/www.ramatuelle-tourisme.com\/fr\/wp-json\/wp\/v2\/pages\/146\/revisions\/17764"}],"up":[{"embeddable":true,"href":"https:\/\/www.ramatuelle-tourisme.com\/fr\/wp-json\/wp\/v2\/pages\/81"}],"wp:featuredmedia":[{"embeddable":true,"href":"https:\/\/www.ramatuelle-tourisme.com\/fr\/wp-json\/wp\/v2\/media\/10430"}],"wp:attachment":[{"href":"https:\/\/www.ramatuelle-tourisme.com\/fr\/wp-json\/wp\/v2\/media?parent=146"}],"curies":[{"name":"wp","href":"https:\/\/api.w.org\/{rel}","templated":true}]}}