{"id":134,"date":"2016-11-28T01:25:41","date_gmt":"2016-11-28T00:25:41","guid":{"rendered":"http:\/\/www.ramatuelle-tourisme.com\/?page_id=134"},"modified":"2023-01-06T15:51:02","modified_gmt":"2023-01-06T14:51:02","slug":"les-monuments","status":"publish","type":"page","link":"https:\/\/www.ramatuelle-tourisme.com\/fr\/decouvrir-la-presquile\/cote-village\/les-monuments\/","title":{"rendered":"Les traces du pass\u00e9"},"content":{"rendered":"<p>Porches, escaliers, placettes et ruelles \u00e9troites vous r\u00e9v\u00e8leront de nombreux monuments, t\u00e9moignages du pass\u00e9.<\/p>\n","protected":false},"excerpt":{"rendered":"<p>Porches, escaliers, placettes et ruelles \u00e9troites vous r\u00e9v\u00e8leront de nombreux monuments, t\u00e9moignages du pass\u00e9.<\/p>\n","protected":false},"author":1,"featured_media":10324,"parent":25,"menu_order":261,"comment_status":"closed","ping_status":"closed","template":"single-cote.php","meta":{"_acf_changed":false,"footnotes":""},"class_list":["post-134","page","type-page","status-publish","has-post-thumbnail","hentry"],"acf":{"black__white":false,"nugget":false,"type_daffichage":"topaze","liens_ancrage":false,"gallery":false},"aioseo_notices":[],"_links":{"self":[{"href":"https:\/\/www.ramatuelle-tourisme.com\/fr\/wp-json\/wp\/v2\/pages\/134","targetHints":{"allow":["GET"]}}],"collection":[{"href":"https:\/\/www.ramatuelle-tourisme.com\/fr\/wp-json\/wp\/v2\/pages"}],"about":[{"href":"https:\/\/www.ramatuelle-tourisme.com\/fr\/wp-json\/wp\/v2\/types\/page"}],"author":[{"embeddable":true,"href":"https:\/\/www.ramatuelle-tourisme.com\/fr\/wp-json\/wp\/v2\/users\/1"}],"replies":[{"embeddable":true,"href":"https:\/\/www.ramatuelle-tourisme.com\/fr\/wp-json\/wp\/v2\/comments?post=134"}],"version-history":[{"count":5,"href":"https:\/\/www.ramatuelle-tourisme.com\/fr\/wp-json\/wp\/v2\/pages\/134\/revisions"}],"predecessor-version":[{"id":600,"href":"https:\/\/www.ramatuelle-tourisme.com\/fr\/wp-json\/wp\/v2\/pages\/134\/revisions\/600"}],"up":[{"embeddable":true,"href":"https:\/\/www.ramatuelle-tourisme.com\/fr\/wp-json\/wp\/v2\/pages\/25"}],"wp:featuredmedia":[{"embeddable":true,"href":"https:\/\/www.ramatuelle-tourisme.com\/fr\/wp-json\/wp\/v2\/media\/10324"}],"wp:attachment":[{"href":"https:\/\/www.ramatuelle-tourisme.com\/fr\/wp-json\/wp\/v2\/media?parent=134"}],"curies":[{"name":"wp","href":"https:\/\/api.w.org\/{rel}","templated":true}]}}