{"id":130,"date":"2016-11-28T01:24:45","date_gmt":"2016-11-28T00:24:45","guid":{"rendered":"http:\/\/www.ramatuelle-tourisme.com\/?page_id=130"},"modified":"2025-07-15T14:55:53","modified_gmt":"2025-07-15T12:55:53","slug":"le-village-authentique","status":"publish","type":"page","link":"https:\/\/www.ramatuelle-tourisme.com\/fr\/decouvrir-la-presquile\/cote-village\/le-village-authentique\/","title":{"rendered":"Le village authentique"},"content":{"rendered":"<p>Pittoresque village m\u00e9di\u00e9val, lov\u00e9 sur le contrefort de la colline du Massif du Castellas, au c\u0153ur de la nature.<\/p>\n","protected":false},"excerpt":{"rendered":"<p>Pittoresque village m\u00e9di\u00e9val, lov\u00e9 sur le contrefort de la colline du Massif du Castellas, au c\u0153ur de la nature.<\/p>\n","protected":false},"author":1,"featured_media":580,"parent":25,"menu_order":49,"comment_status":"closed","ping_status":"closed","template":"single-cote.php","meta":{"_acf_changed":false,"footnotes":""},"class_list":["post-130","page","type-page","status-publish","has-post-thumbnail","hentry"],"acf":{"black__white":false,"nugget":[{"id":"","titre":"","sous-titre":"","texte":"<p>C\u2019est un village m\u00e9di\u00e9val, pittoresque, lov\u00e9 sur lui-m\u00eame qui s\u2019\u00e9l\u00e8ve sur le contrefort de la colline de Paillas au c\u0153ur de la nature.<br \/>\nIl domine ainsi toute la Baie de Pampelonne et la plaine agricole, \u00e0 une altitude d\u2019environ 130 m\u00e8tres.<br \/>\nEn r\u00e9sum\u00e9, Ramatuelle est un village paisible et sans exub\u00e9rance qui tranche avec le c\u00f4t\u00e9 plus \"people\" et branch\u00e9 de sa plage de Pampelonne.<\/p>\n","lien":"","lien_interne":"","lien_label":"","lien_reservation":"","lien_reservation_label":"","image":false,"document":false,"logo":false,"copyright":"","vertical":false,"video":"","langue":[]}],"type_daffichage":"default","gallery":false,"liens_ancrage":false,"autoplay":true,"delay":"4000"},"aioseo_notices":[],"_links":{"self":[{"href":"https:\/\/www.ramatuelle-tourisme.com\/fr\/wp-json\/wp\/v2\/pages\/130","targetHints":{"allow":["GET"]}}],"collection":[{"href":"https:\/\/www.ramatuelle-tourisme.com\/fr\/wp-json\/wp\/v2\/pages"}],"about":[{"href":"https:\/\/www.ramatuelle-tourisme.com\/fr\/wp-json\/wp\/v2\/types\/page"}],"author":[{"embeddable":true,"href":"https:\/\/www.ramatuelle-tourisme.com\/fr\/wp-json\/wp\/v2\/users\/1"}],"replies":[{"embeddable":true,"href":"https:\/\/www.ramatuelle-tourisme.com\/fr\/wp-json\/wp\/v2\/comments?post=130"}],"version-history":[{"count":12,"href":"https:\/\/www.ramatuelle-tourisme.com\/fr\/wp-json\/wp\/v2\/pages\/130\/revisions"}],"predecessor-version":[{"id":17320,"href":"https:\/\/www.ramatuelle-tourisme.com\/fr\/wp-json\/wp\/v2\/pages\/130\/revisions\/17320"}],"up":[{"embeddable":true,"href":"https:\/\/www.ramatuelle-tourisme.com\/fr\/wp-json\/wp\/v2\/pages\/25"}],"wp:featuredmedia":[{"embeddable":true,"href":"https:\/\/www.ramatuelle-tourisme.com\/fr\/wp-json\/wp\/v2\/media\/580"}],"wp:attachment":[{"href":"https:\/\/www.ramatuelle-tourisme.com\/fr\/wp-json\/wp\/v2\/media?parent=130"}],"curies":[{"name":"wp","href":"https:\/\/api.w.org\/{rel}","templated":true}]}}