{"id":128,"date":"2016-11-28T01:19:01","date_gmt":"2016-11-28T00:19:01","guid":{"rendered":"http:\/\/www.ramatuelle-tourisme.com\/?page_id=128"},"modified":"2017-04-28T10:29:41","modified_gmt":"2017-04-28T08:29:41","slug":"la-flore","status":"publish","type":"page","link":"https:\/\/www.ramatuelle-tourisme.com\/fr\/decouvrir-la-presquile\/cote-nature\/la-flore\/","title":{"rendered":"La flore"},"content":{"rendered":"<p>Ramatuelle, de par sa configuration g\u00e9ographique et g\u00e9ologique, pr\u00e9sente une gamme de formation v\u00e9g\u00e9tale extr\u00eamement riche et diversifi\u00e9e.<\/p>\n","protected":false},"excerpt":{"rendered":"<p>Ramatuelle, de par sa configuration g\u00e9ographique et g\u00e9ologique, pr\u00e9sente une gamme de formation v\u00e9g\u00e9tale extr\u00eamement riche et diversifi\u00e9e.<\/p>\n","protected":false},"author":1,"featured_media":323,"parent":23,"menu_order":262,"comment_status":"closed","ping_status":"closed","template":"single-cote.php","meta":{"_acf_changed":false,"footnotes":""},"class_list":["post-128","page","type-page","status-publish","has-post-thumbnail","hentry"],"acf":{"black__white":false,"nugget":false,"type_daffichage":"default"},"aioseo_notices":[],"_links":{"self":[{"href":"https:\/\/www.ramatuelle-tourisme.com\/fr\/wp-json\/wp\/v2\/pages\/128","targetHints":{"allow":["GET"]}}],"collection":[{"href":"https:\/\/www.ramatuelle-tourisme.com\/fr\/wp-json\/wp\/v2\/pages"}],"about":[{"href":"https:\/\/www.ramatuelle-tourisme.com\/fr\/wp-json\/wp\/v2\/types\/page"}],"author":[{"embeddable":true,"href":"https:\/\/www.ramatuelle-tourisme.com\/fr\/wp-json\/wp\/v2\/users\/1"}],"replies":[{"embeddable":true,"href":"https:\/\/www.ramatuelle-tourisme.com\/fr\/wp-json\/wp\/v2\/comments?post=128"}],"version-history":[{"count":6,"href":"https:\/\/www.ramatuelle-tourisme.com\/fr\/wp-json\/wp\/v2\/pages\/128\/revisions"}],"predecessor-version":[{"id":2411,"href":"https:\/\/www.ramatuelle-tourisme.com\/fr\/wp-json\/wp\/v2\/pages\/128\/revisions\/2411"}],"up":[{"embeddable":true,"href":"https:\/\/www.ramatuelle-tourisme.com\/fr\/wp-json\/wp\/v2\/pages\/23"}],"wp:featuredmedia":[{"embeddable":true,"href":"https:\/\/www.ramatuelle-tourisme.com\/fr\/wp-json\/wp\/v2\/media\/323"}],"wp:attachment":[{"href":"https:\/\/www.ramatuelle-tourisme.com\/fr\/wp-json\/wp\/v2\/media?parent=128"}],"curies":[{"name":"wp","href":"https:\/\/api.w.org\/{rel}","templated":true}]}}