{"id":12648,"date":"2023-12-06T11:44:24","date_gmt":"2023-12-06T10:44:24","guid":{"rendered":"https:\/\/www.ramatuelle-tourisme.com\/?page_id=12648"},"modified":"2025-04-23T13:59:07","modified_gmt":"2025-04-23T11:59:07","slug":"classement-des-meubles-de-tourisme","status":"publish","type":"page","link":"https:\/\/www.ramatuelle-tourisme.com\/fr\/classement-des-meubles-de-tourisme\/","title":{"rendered":"Classement des meubl\u00e9s de tourisme"},"content":{"rendered":"\n<figure class=\"wp-block-image aligncenter size-full is-resized\"><img loading=\"lazy\" decoding=\"async\" width=\"911\" height=\"603\" src=\"https:\/\/www.ramatuelle-tourisme.com\/wp-content\/uploads\/2023\/12\/Photo-vue-mer-salon-classement.png\" alt=\"\" class=\"wp-image-12695\" style=\"width:586px;height:auto\" srcset=\"https:\/\/www.ramatuelle-tourisme.com\/wp-content\/uploads\/2023\/12\/Photo-vue-mer-salon-classement.png 911w, https:\/\/www.ramatuelle-tourisme.com\/wp-content\/uploads\/2023\/12\/Photo-vue-mer-salon-classement-300x199.png 300w, https:\/\/www.ramatuelle-tourisme.com\/wp-content\/uploads\/2023\/12\/Photo-vue-mer-salon-classement-768x508.png 768w\" sizes=\"auto, (max-width: 911px) 100vw, 911px\" \/><\/figure>\n\n\n\n<p class=\"has-text-align-center has-white-color has-text-color has-link-color wp-elements-73c390ad10f8f92fd727db1859c131a3\">.<\/p>\n\n\n\n<p class=\"has-text-align-center has-medium-font-size\"><strong>Une nouvelle mission pour l&rsquo;Office de Tourisme et de la Culture !<\/strong><\/p>\n\n\n\n<p>Ayant obtenu l&rsquo;agr\u00e9ment d&rsquo;Atout France, l&rsquo;OTC vous propose maintenant la mission de classement des meubl\u00e9s de tourisme, n&rsquo;h\u00e9sitez pas \u00e0 nous contacter pour plus de renseignements ! <\/p>\n\n\n\n<p class=\"has-text-align-center has-white-color has-text-color has-link-color wp-elements-73c390ad10f8f92fd727db1859c131a3\">.<\/p>\n\n\n\n<p class=\"has-text-align-center has-luminous-vivid-amber-background-color has-background has-medium-font-size\"><strong>NOTRE \u00c9QUIPE<\/strong><\/p>\n\n\n\n<div class=\"wp-block-media-text alignwide is-stacked-on-mobile\" style=\"grid-template-columns:19% auto\"><figure class=\"wp-block-media-text__media\"><img loading=\"lazy\" decoding=\"async\" width=\"532\" height=\"531\" src=\"https:\/\/www.ramatuelle-tourisme.com\/wp-content\/uploads\/2025\/01\/Lisa-2023-recadree.png\" alt=\"\" class=\"wp-image-15992 size-medium\" srcset=\"https:\/\/www.ramatuelle-tourisme.com\/wp-content\/uploads\/2025\/01\/Lisa-2023-recadree.png 532w, https:\/\/www.ramatuelle-tourisme.com\/wp-content\/uploads\/2025\/01\/Lisa-2023-recadree-300x299.png 300w, https:\/\/www.ramatuelle-tourisme.com\/wp-content\/uploads\/2025\/01\/Lisa-2023-recadree-150x150.png 150w, https:\/\/www.ramatuelle-tourisme.com\/wp-content\/uploads\/2025\/01\/Lisa-2023-recadree-125x125.png 125w\" sizes=\"auto, (max-width: 532px) 100vw, 532px\" \/><\/figure><div class=\"wp-block-media-text__content\">\n<p><strong>Lisa CARER<\/strong><br>R\u00e9f\u00e9rente Classement<br>04.98.12.64.00<br><a href=\"mailto:classement@ramatuelle-tourisme.com\">classement@ramatuelle-tourisme.com<\/a><\/p>\n<\/div><\/div>\n\n\n\n<p class=\"has-text-align-center has-white-color has-text-color has-link-color wp-elements-73c390ad10f8f92fd727db1859c131a3\">.<\/p>\n\n\n\n<p class=\"has-text-align-center has-pale-pink-background-color has-background has-medium-font-size\"><strong>POURQUOI CLASSER SON MEUBL\u00c9 DE TOURISME ?<\/strong><\/p>\n\n\n\n<div class=\"wp-block-media-text alignwide is-stacked-on-mobile\" style=\"grid-template-columns:33% auto\"><figure class=\"wp-block-media-text__media\"><img loading=\"lazy\" decoding=\"async\" width=\"907\" height=\"601\" src=\"https:\/\/www.ramatuelle-tourisme.com\/wp-content\/uploads\/2023\/12\/Photo-salon-classement.png\" alt=\"\" class=\"wp-image-12692 size-medium\" srcset=\"https:\/\/www.ramatuelle-tourisme.com\/wp-content\/uploads\/2023\/12\/Photo-salon-classement.png 907w, https:\/\/www.ramatuelle-tourisme.com\/wp-content\/uploads\/2023\/12\/Photo-salon-classement-300x199.png 300w, https:\/\/www.ramatuelle-tourisme.com\/wp-content\/uploads\/2023\/12\/Photo-salon-classement-768x509.png 768w\" sizes=\"auto, (max-width: 907px) 100vw, 907px\" \/><\/figure><div class=\"wp-block-media-text__content\">\n<p>Si vous \u00eates propri\u00e9taire d&rsquo;un logement en location saisonni\u00e8re, vous pouvez demander le classement en&nbsp;<strong>meubl\u00e9 de tourisme<\/strong>. Ce classement pr\u00e9sente l&rsquo;avantage d&rsquo;offrir des rep\u00e8res aux vacanciers ainsi qu&rsquo;une certaine fiabilit\u00e9 au sujet du confort et des \u00e9quipements qu&rsquo;ils vont trouver.<\/p>\n\n\n\n<p>Le&nbsp;<strong>classement<\/strong>&nbsp;du&nbsp;<strong>meubl\u00e9 de tourisme<\/strong>&nbsp;doit \u00eatre effectu\u00e9 \u00e0 l&rsquo;initiative de l&rsquo;exploitant. Il n&rsquo;est pas obligatoire pour mettre le&nbsp;<strong>meubl\u00e9 de tourisme<\/strong>&nbsp;en location mais il pr\u00e9sente des avantages fiscaux. <br>L&rsquo;OTC Ramatuelle sera agr\u00e9\u00e9 par Atout France pour effectuer les classements.<\/p>\n<\/div><\/div>\n\n\n\n<p class=\"has-text-align-center has-white-color has-text-color has-link-color wp-elements-73c390ad10f8f92fd727db1859c131a3\">.<\/p>\n\n\n\n<p class=\"has-text-align-center has-pale-cyan-blue-background-color has-background has-medium-font-size\"><strong>QU&rsquo;EST-CE QUE LE CLASSEMENT ?<\/strong><\/p>\n\n\n\n<div class=\"wp-block-media-text alignwide has-media-on-the-right is-stacked-on-mobile\" style=\"grid-template-columns:auto 25%\"><div class=\"wp-block-media-text__content\">\n<p>La classification est attribu\u00e9e selon 133 crit\u00e8res; r\u00e9partis en 3 grandes cat\u00e9gories:<\/p>\n\n\n\n<ul class=\"wp-block-list\">\n<li>\u00e9quipements et am\u00e9nagements<\/li>\n\n\n\n<li>services aux clients<\/li>\n\n\n\n<li>accessibilit\u00e9 et d\u00e9veloppement durable.<\/li>\n<\/ul>\n\n\n\n<p>Les cat\u00e9gories varient de 1 \u00e0 5 \u00e9toiles.<\/p>\n\n\n\n<p>Le classement est valide pour une dur\u00e9e de 5 ans.<\/p>\n<\/div><figure class=\"wp-block-media-text__media\"><a href=\"https:\/\/www.ramatuelle-tourisme.com\/wp-content\/uploads\/2023\/12\/Note-information.pdf\" target=\"_blank\" rel=\"noreferrer noopener\"><img loading=\"lazy\" decoding=\"async\" width=\"474\" height=\"672\" src=\"https:\/\/www.ramatuelle-tourisme.com\/wp-content\/uploads\/2023\/12\/Couverture-note-info-classement.jpg\" alt=\"\" class=\"wp-image-12698 size-medium\" srcset=\"https:\/\/www.ramatuelle-tourisme.com\/wp-content\/uploads\/2023\/12\/Couverture-note-info-classement.jpg 474w, https:\/\/www.ramatuelle-tourisme.com\/wp-content\/uploads\/2023\/12\/Couverture-note-info-classement-212x300.jpg 212w, https:\/\/www.ramatuelle-tourisme.com\/wp-content\/uploads\/2023\/12\/Couverture-note-info-classement-300x425.jpg 300w\" sizes=\"auto, (max-width: 474px) 100vw, 474px\" \/><\/a><\/figure><\/div>\n\n\n\n<p class=\"has-text-align-center has-white-color has-text-color has-link-color wp-elements-73c390ad10f8f92fd727db1859c131a3\">.<\/p>\n\n\n\n<p class=\"has-text-align-center has-luminous-vivid-amber-background-color has-background has-medium-font-size\"><strong>D\u00c9ROUL\u00c9 DU CLASSEMENT<\/strong><\/p>\n\n\n\n<figure class=\"wp-block-image aligncenter size-large is-resized\"><img loading=\"lazy\" decoding=\"async\" width=\"827\" height=\"1170\" src=\"https:\/\/www.ramatuelle-tourisme.com\/wp-content\/uploads\/2023\/12\/Note-information-827x1170.jpg\" alt=\"\" class=\"wp-image-12649\" style=\"width:637px;height:auto\" srcset=\"https:\/\/www.ramatuelle-tourisme.com\/wp-content\/uploads\/2023\/12\/Note-information-827x1170.jpg 827w, https:\/\/www.ramatuelle-tourisme.com\/wp-content\/uploads\/2023\/12\/Note-information-212x300.jpg 212w, https:\/\/www.ramatuelle-tourisme.com\/wp-content\/uploads\/2023\/12\/Note-information-768x1086.jpg 768w, https:\/\/www.ramatuelle-tourisme.com\/wp-content\/uploads\/2023\/12\/Note-information-1086x1536.jpg 1086w, https:\/\/www.ramatuelle-tourisme.com\/wp-content\/uploads\/2023\/12\/Note-information-300x424.jpg 300w, https:\/\/www.ramatuelle-tourisme.com\/wp-content\/uploads\/2023\/12\/Note-information.jpg 1414w\" sizes=\"auto, (max-width: 827px) 100vw, 827px\" \/><\/figure>\n\n\n\n<p class=\"has-text-align-center has-white-color has-text-color has-link-color wp-elements-73c390ad10f8f92fd727db1859c131a3\">.<\/p>\n\n\n\n<p class=\"has-text-align-center has-luminous-vivid-orange-background-color has-background has-medium-font-size\"><strong>LE CO\u00dbT DE LA VISITE<\/strong><\/p>\n\n\n\n<div class=\"wp-block-media-text alignwide has-media-on-the-right is-stacked-on-mobile\" style=\"grid-template-columns:auto 33%\"><div class=\"wp-block-media-text__content\">\n<ol class=\"wp-block-list\">\n<li>Location inf\u00e9rieure \u00e0 60 m<sup>2<\/sup> : 140\u20ac TTC<\/li>\n\n\n\n<li>Location de 61 \u00e0 150 m<sup>2<\/sup> : 190\u20ac TTC<\/li>\n\n\n\n<li>Location sup\u00e9rieure \u00e0 151 m<sup>2<\/sup> : 240\u20ac TTC<\/li>\n<\/ol>\n\n\n\n<p>Une r\u00e9duction de -25% sera appliqu\u00e9e pour les meubl\u00e9s suppl\u00e9mentaires \u00e0 partir du 2<sup>\u00e8me<\/sup> meubl\u00e9.<\/p>\n<\/div><figure class=\"wp-block-media-text__media\"><img loading=\"lazy\" decoding=\"async\" width=\"907\" height=\"531\" src=\"https:\/\/www.ramatuelle-tourisme.com\/wp-content\/uploads\/2023\/12\/Photo-classemement-meubles.png\" alt=\"\" class=\"wp-image-12686 size-medium\" srcset=\"https:\/\/www.ramatuelle-tourisme.com\/wp-content\/uploads\/2023\/12\/Photo-classemement-meubles.png 907w, https:\/\/www.ramatuelle-tourisme.com\/wp-content\/uploads\/2023\/12\/Photo-classemement-meubles-300x176.png 300w, https:\/\/www.ramatuelle-tourisme.com\/wp-content\/uploads\/2023\/12\/Photo-classemement-meubles-768x450.png 768w\" sizes=\"auto, (max-width: 907px) 100vw, 907px\" \/><\/figure><\/div>\n\n\n\n<p class=\"has-text-align-center has-white-color has-text-color has-link-color wp-elements-73c390ad10f8f92fd727db1859c131a3\">.<\/p>\n\n\n\n<p class=\"has-text-align-center has-light-green-cyan-background-color has-background has-medium-font-size\"><strong>NOS ENGAGEMENTS<\/strong><\/p>\n\n\n\n<div class=\"wp-block-media-text alignwide is-stacked-on-mobile\" style=\"grid-template-columns:33% auto\"><figure class=\"wp-block-media-text__media\"><img loading=\"lazy\" decoding=\"async\" width=\"905\" height=\"598\" src=\"https:\/\/www.ramatuelle-tourisme.com\/wp-content\/uploads\/2023\/12\/Photo-meubles.png\" alt=\"\" class=\"wp-image-12689 size-medium\" srcset=\"https:\/\/www.ramatuelle-tourisme.com\/wp-content\/uploads\/2023\/12\/Photo-meubles.png 905w, https:\/\/www.ramatuelle-tourisme.com\/wp-content\/uploads\/2023\/12\/Photo-meubles-300x198.png 300w, https:\/\/www.ramatuelle-tourisme.com\/wp-content\/uploads\/2023\/12\/Photo-meubles-768x507.png 768w\" sizes=\"auto, (max-width: 905px) 100vw, 905px\" \/><\/figure><div class=\"wp-block-media-text__content\">\n<p class=\"has-normal-font-size\"><strong>Droit d&rsquo;acc\u00e8s et rectification <\/strong>: conform\u00e9ment \u00e0 la loi informatique et libert\u00e9 vous disposez d&rsquo;un droit d&rsquo;acc\u00e8s et de rectification des donn\u00e9es vous concernant (D\u00e9claration CNIL sous le n\u00b01486998VO).<\/p>\n\n\n\n<p><strong>D\u00e9lai de r\u00e9alisation de la visite rapide <\/strong>: d\u00e9lai de 3 mois \u00e0 r\u00e9ception du dossier complet<\/p>\n\n\n\n<p><strong>Promotion<\/strong>: L&rsquo;Office de tourisme de Ramatuelle s&rsquo;engage \u00e0 mettre en avant les meubl\u00e9s class\u00e9s sur ses diff\u00e9rents supports de communication (\u00e9ditions, site internet..).<\/p>\n\n\n\n<p><strong>Modalit\u00e9<\/strong><strong> <\/strong><strong>de r\u00e9clamation facilit\u00e9 <\/strong>:<\/p>\n\n\n\n<p>en cas de d\u00e9saccord sur la classement, il existe un d\u00e9lai de 15 jours ouvrables pour contester par courrier aupr\u00e8s de notre organisme \u00e0 l\u2019adresse suivante :<\/p>\n\n\n\n<p><em>Office de Tourisme de Ramatuelle &#8211; Place de l\u2019Ormeau, 83350 Ramatuelle<\/em><\/p>\n<\/div><\/div>\n\n\n\n<p class=\"has-text-align-center has-white-color has-text-color has-link-color wp-elements-73c390ad10f8f92fd727db1859c131a3\">.<\/p>\n\n\n\n<p class=\"has-text-align-center has-luminous-vivid-amber-background-color has-background has-medium-font-size\"><strong>LES DOCUMENTS<\/strong> <strong>A T\u00c9L\u00c9CHARGER<\/strong><\/p>\n\n\n\n<p class=\"has-text-align-center\"><a href=\"https:\/\/www.ramatuelle-tourisme.com\/wp-content\/uploads\/2025\/04\/Note-information.pdf\" target=\"_blank\" rel=\"noopener\" title=\"\">Note information<\/a><\/p>\n\n\n\n<p class=\"has-text-align-center\"><a href=\"https:\/\/www.ramatuelle-tourisme.com\/wp-content\/uploads\/2025\/04\/Bon-de-commande-meubles-v4.pdf\" target=\"_blank\" rel=\"noopener\" title=\"\">Bon de commande<\/a><\/p>\n\n\n\n<p class=\"has-text-align-center\"><a href=\"https:\/\/www.ramatuelle-tourisme.com\/wp-content\/uploads\/2025\/01\/Cerfa_11819-03-demande-classement-meuble.pdf\" target=\"_blank\" rel=\"noopener\" title=\"\">Cerfa_11819-03 demande classement<\/a><\/p>\n\n\n\n<p class=\"has-text-align-center\"><a href=\"https:\/\/www.ramatuelle-tourisme.com\/wp-content\/uploads\/2025\/04\/Conditions-generales-de-prestations-Classement-Meubles-v2.pdf\" target=\"_blank\" rel=\"noopener\" title=\"\">Conditions g\u00e9n\u00e9rales de prestations<\/a><\/p>\n\n\n\n<p class=\"has-text-align-center\"><a href=\"https:\/\/www.ramatuelle-tourisme.com\/wp-content\/uploads\/2025\/04\/Etat-Descriptif-v2.pdf\" target=\"_blank\" rel=\"noopener\" title=\"\">Etat descriptif<\/a><\/p>\n\n\n\n<p class=\"has-text-align-center\"><a href=\"https:\/\/www.ramatuelle-tourisme.com\/wp-content\/uploads\/2023\/12\/Plan-de-situation-environnement.pdf\" data-type=\"link\" data-id=\"https:\/\/www.ramatuelle-tourisme.com\/wp-content\/uploads\/2023\/12\/Plan-de-situation-environnement.pdf\" target=\"_blank\" rel=\"noreferrer noopener\">Plan de situation d\u00e9veloppement durable<\/a><\/p>\n\n\n\n<p class=\"has-text-align-center\"><a href=\"https:\/\/www.ramatuelle-tourisme.com\/wp-content\/uploads\/2024\/05\/Referentiel-Classement-meubles-FR-EN-1.pdf\" target=\"_blank\" rel=\"noopener\" title=\"\">R\u00e9f\u00e9rentiel<\/a><\/p>\n\n\n\n<p class=\"has-text-align-center has-white-color has-text-color has-link-color wp-elements-73c390ad10f8f92fd727db1859c131a3\">.<\/p>\n\n\n\n<p class=\"has-text-align-center has-cyan-bluish-gray-background-color has-background has-medium-font-size\">NOUS CONTACTER<\/p>\n\n\n\n<p class=\"has-text-align-center\"><a href=\"mailto:classement@ramatuelle-tourisme.com\"><strong>classement@ramatuelle-tourisme.com<\/strong><\/a><br>+33 (0)4.98.12.64.00<\/p>\n\n\n\n<figure class=\"wp-block-image aligncenter size-full is-resized\"><img loading=\"lazy\" decoding=\"async\" width=\"909\" height=\"584\" src=\"https:\/\/www.ramatuelle-tourisme.com\/wp-content\/uploads\/2023\/12\/Photo-chambre-classement-meubles.png\" alt=\"\" class=\"wp-image-12683\" style=\"width:547px;height:auto\" srcset=\"https:\/\/www.ramatuelle-tourisme.com\/wp-content\/uploads\/2023\/12\/Photo-chambre-classement-meubles.png 909w, https:\/\/www.ramatuelle-tourisme.com\/wp-content\/uploads\/2023\/12\/Photo-chambre-classement-meubles-300x193.png 300w, https:\/\/www.ramatuelle-tourisme.com\/wp-content\/uploads\/2023\/12\/Photo-chambre-classement-meubles-768x493.png 768w\" sizes=\"auto, (max-width: 909px) 100vw, 909px\" \/><\/figure>\n","protected":false},"excerpt":{"rendered":"<p>. Une nouvelle mission pour l&rsquo;Office de Tourisme et de la Culture ! Ayant obtenu l&rsquo;agr\u00e9ment d&rsquo;Atout France, l&rsquo;OTC vous propose maintenant la mission de classement des meubl\u00e9s de tourisme, n&rsquo;h\u00e9sitez pas \u00e0 nous contacter pour plus de renseignements ! . NOTRE \u00c9QUIPE Lisa CARERR\u00e9f\u00e9rente Classement04.98.12.64.00classement@ramatuelle-tourisme.com . POURQUOI CLASSER SON MEUBL\u00c9 DE TOURISME ? Si<a class=\"excerpt-read-more\" href=\"https:\/\/www.ramatuelle-tourisme.com\/fr\/classement-des-meubles-de-tourisme\/\" title=\"ReadClassement des meubl\u00e9s de tourisme\">&#8230; Read more &raquo;<\/a><\/p>\n","protected":false},"author":1,"featured_media":0,"parent":0,"menu_order":0,"comment_status":"closed","ping_status":"closed","template":"","meta":{"_acf_changed":false,"footnotes":""},"class_list":["post-12648","page","type-page","status-publish","hentry"],"acf":{"type_daffichage":"default","liens_ancrage":false,"nugget":false,"black__white":false,"autoplay":true,"delay":"4000","gallery":false},"aioseo_notices":[],"_links":{"self":[{"href":"https:\/\/www.ramatuelle-tourisme.com\/fr\/wp-json\/wp\/v2\/pages\/12648","targetHints":{"allow":["GET"]}}],"collection":[{"href":"https:\/\/www.ramatuelle-tourisme.com\/fr\/wp-json\/wp\/v2\/pages"}],"about":[{"href":"https:\/\/www.ramatuelle-tourisme.com\/fr\/wp-json\/wp\/v2\/types\/page"}],"author":[{"embeddable":true,"href":"https:\/\/www.ramatuelle-tourisme.com\/fr\/wp-json\/wp\/v2\/users\/1"}],"replies":[{"embeddable":true,"href":"https:\/\/www.ramatuelle-tourisme.com\/fr\/wp-json\/wp\/v2\/comments?post=12648"}],"version-history":[{"count":28,"href":"https:\/\/www.ramatuelle-tourisme.com\/fr\/wp-json\/wp\/v2\/pages\/12648\/revisions"}],"predecessor-version":[{"id":16584,"href":"https:\/\/www.ramatuelle-tourisme.com\/fr\/wp-json\/wp\/v2\/pages\/12648\/revisions\/16584"}],"wp:attachment":[{"href":"https:\/\/www.ramatuelle-tourisme.com\/fr\/wp-json\/wp\/v2\/media?parent=12648"}],"curies":[{"name":"wp","href":"https:\/\/api.w.org\/{rel}","templated":true}]}}