{"id":124,"date":"2016-11-28T01:17:18","date_gmt":"2016-11-28T00:17:18","guid":{"rendered":"http:\/\/www.ramatuelle-tourisme.com\/?page_id=124"},"modified":"2017-04-28T10:29:00","modified_gmt":"2017-04-28T08:29:00","slug":"le-vignoble","status":"publish","type":"page","link":"https:\/\/www.ramatuelle-tourisme.com\/fr\/decouvrir-la-presquile\/cote-nature\/le-vignoble\/","title":{"rendered":"Le vignoble"},"content":{"rendered":"<p>Cultiv\u00e9e sur une superficie de 750 hectares (soit 20% de l&rsquo;espace de la commune) dans la plaine alluviale ou sur les pi\u00e9monts, la vigne constitue l&rsquo;une des composantes essentielles du paysage ramatuellois.<\/p>\n","protected":false},"excerpt":{"rendered":"<p>Cultiv\u00e9e sur une superficie de 750 hectares (soit 20% de l&rsquo;espace de la commune) dans la plaine alluviale ou sur les pi\u00e9monts, la vigne constitue l&rsquo;une des composantes essentielles du paysage ramatuellois.<\/p>\n","protected":false},"author":1,"featured_media":507,"parent":23,"menu_order":69,"comment_status":"closed","ping_status":"closed","template":"single-cote.php","meta":{"_acf_changed":false,"footnotes":""},"class_list":["post-124","page","type-page","status-publish","has-post-thumbnail","hentry"],"acf":{"black__white":false,"nugget":[{"id":"","titre":"","sous-titre":"","texte":"<p>Cultiv\u00e9e sur une superficie de 750 hectares (soit 20% de l'espace de la commune) dans la plaine alluviale ou sur les pi\u00e9monts, la vigne constitue une des composantes essentielles du paysage ramatuellois. Cette activit\u00e9 ancestrale, comme dans toute la Provence (les Grecs y plant\u00e8rent les premiers ceps 600 ans avant notre \u00e8re) constitue la 2\u00e8me activit\u00e9 \u00e9conomique de la commune avec une production globale de 40 000 hl\/an dont une partie est destin\u00e9e \u00e0 l'exportation.<\/p>\n","lien":"","lien_interne":"","lien_label":"","lien_reservation":"","lien_reservation_label":"","image":false,"document":false,"logo":false,"copyright":"","vertical":false,"video":"","langue":[]}],"type_daffichage":"default"},"aioseo_notices":[],"_links":{"self":[{"href":"https:\/\/www.ramatuelle-tourisme.com\/fr\/wp-json\/wp\/v2\/pages\/124","targetHints":{"allow":["GET"]}}],"collection":[{"href":"https:\/\/www.ramatuelle-tourisme.com\/fr\/wp-json\/wp\/v2\/pages"}],"about":[{"href":"https:\/\/www.ramatuelle-tourisme.com\/fr\/wp-json\/wp\/v2\/types\/page"}],"author":[{"embeddable":true,"href":"https:\/\/www.ramatuelle-tourisme.com\/fr\/wp-json\/wp\/v2\/users\/1"}],"replies":[{"embeddable":true,"href":"https:\/\/www.ramatuelle-tourisme.com\/fr\/wp-json\/wp\/v2\/comments?post=124"}],"version-history":[{"count":5,"href":"https:\/\/www.ramatuelle-tourisme.com\/fr\/wp-json\/wp\/v2\/pages\/124\/revisions"}],"predecessor-version":[{"id":1193,"href":"https:\/\/www.ramatuelle-tourisme.com\/fr\/wp-json\/wp\/v2\/pages\/124\/revisions\/1193"}],"up":[{"embeddable":true,"href":"https:\/\/www.ramatuelle-tourisme.com\/fr\/wp-json\/wp\/v2\/pages\/23"}],"wp:featuredmedia":[{"embeddable":true,"href":"https:\/\/www.ramatuelle-tourisme.com\/fr\/wp-json\/wp\/v2\/media\/507"}],"wp:attachment":[{"href":"https:\/\/www.ramatuelle-tourisme.com\/fr\/wp-json\/wp\/v2\/media?parent=124"}],"curies":[{"name":"wp","href":"https:\/\/api.w.org\/{rel}","templated":true}]}}