{"id":705,"date":"2017-03-02T15:58:08","date_gmt":"2017-03-02T14:58:08","guid":{"rendered":"http:\/\/www.ramatuelle-tourisme.com\/?page_id=705\/"},"modified":"2017-03-02T15:58:08","modified_gmt":"2017-03-02T14:58:08","slug":"chateau-des-marres","status":"publish","type":"page","link":"https:\/\/www.ramatuelle-tourisme.com\/en\/discover-the-peninsula\/countryside\/the-vineyards\/chateau-des-marres\/","title":{"rendered":"Ch\u00e2teau des Marres"},"content":{"rendered":"<p>On the &#8220;Route des Plages&#8221; opposite the famous Bay of Pampelonne. This family estate combines authenticity and modernism. They produce red, white and ros\u00e9 A.O.C. C\u00f4tes de Provence. The ros\u00e9 and the white wine are made from noble varieties of grapes at a low temperature giving the wine a delicate subtle taste and a remarkable aroma.<br \/>\nThe red wine is made in the traditional oak casks . Cinsault, Grenache, Syrah, Mouv\u00e8dre, Cabernet Sauvignon, Tibouren and Rolle are the main varieties of this vineyard.<\/p>\n","protected":false},"excerpt":{"rendered":"<p>On the &#8220;Route des Plages&#8221; opposite the famous Bay of Pampelonne. This family estate combines authenticity and modernism. They produce red, white and ros\u00e9 A.O.C. C\u00f4tes de Provence. The ros\u00e9 and the white wine are made from noble varieties of grapes at a low temperature giving the wine a delicate subtle taste and a remarkable<a class=\"excerpt-read-more\" href=\"https:\/\/www.ramatuelle-tourisme.com\/en\/discover-the-peninsula\/countryside\/the-vineyards\/chateau-des-marres\/\" title=\"ReadCh\u00e2teau des Marres\">&#8230; Read more &raquo;<\/a><\/p>\n","protected":false},"author":1,"featured_media":1737,"parent":697,"menu_order":70,"comment_status":"closed","ping_status":"closed","template":"","meta":{"_acf_changed":false,"footnotes":""},"class_list":["post-705","page","type-page","status-publish","has-post-thumbnail","hentry"],"acf":{"black__white":false,"nugget":false,"type_daffichage":"diamant","liens_ancrage":false},"aioseo_notices":[],"_links":{"self":[{"href":"https:\/\/www.ramatuelle-tourisme.com\/en\/wp-json\/wp\/v2\/pages\/705","targetHints":{"allow":["GET"]}}],"collection":[{"href":"https:\/\/www.ramatuelle-tourisme.com\/en\/wp-json\/wp\/v2\/pages"}],"about":[{"href":"https:\/\/www.ramatuelle-tourisme.com\/en\/wp-json\/wp\/v2\/types\/page"}],"author":[{"embeddable":true,"href":"https:\/\/www.ramatuelle-tourisme.com\/en\/wp-json\/wp\/v2\/users\/1"}],"replies":[{"embeddable":true,"href":"https:\/\/www.ramatuelle-tourisme.com\/en\/wp-json\/wp\/v2\/comments?post=705"}],"version-history":[{"count":1,"href":"https:\/\/www.ramatuelle-tourisme.com\/en\/wp-json\/wp\/v2\/pages\/705\/revisions"}],"predecessor-version":[{"id":707,"href":"https:\/\/www.ramatuelle-tourisme.com\/en\/wp-json\/wp\/v2\/pages\/705\/revisions\/707"}],"up":[{"embeddable":true,"href":"https:\/\/www.ramatuelle-tourisme.com\/en\/wp-json\/wp\/v2\/pages\/697"}],"wp:featuredmedia":[{"embeddable":true,"href":"https:\/\/www.ramatuelle-tourisme.com\/en\/wp-json\/wp\/v2\/media\/1737"}],"wp:attachment":[{"href":"https:\/\/www.ramatuelle-tourisme.com\/en\/wp-json\/wp\/v2\/media?parent=705"}],"curies":[{"name":"wp","href":"https:\/\/api.w.org\/{rel}","templated":true}]}}